{"id":33,"date":"2025-01-06T15:17:36","date_gmt":"2025-01-06T15:17:36","guid":{"rendered":"https:\/\/burning-wanderlust.com\/?page_id=33"},"modified":"2025-03-25T21:40:46","modified_gmt":"2025-03-25T21:40:46","slug":"about","status":"publish","type":"page","link":"https:\/\/burning-wanderlust.com\/es\/about\/","title":{"rendered":"Sobre m\u00ed"},"content":{"rendered":"<div data-elementor-type=\"wp-page\" data-elementor-id=\"33\" class=\"elementor elementor-33\" data-elementor-post-type=\"page\">\n\t\t\t\t<div class=\"elementor-element elementor-element-d3c1644 e-flex e-con-boxed e-con e-parent\" data-id=\"d3c1644\" data-element_type=\"container\">\n\t\t\t\t\t<div class=\"e-con-inner\">\n\t\t\t\t<div class=\"elementor-element elementor-element-3dbbeb8 elementor-invisible elementor-widget elementor-widget-text-editor\" data-id=\"3dbbeb8\" data-element_type=\"widget\" data-settings=\"{&quot;_animation&quot;:&quot;fadeInLeft&quot;}\" data-widget_type=\"text-editor.default\">\n\t\t\t\t<div class=\"elementor-widget-container\">\n\t\t\t\t\t\t\t\t\t<p>HOLA!<\/p>\t\t\t\t\t\t\t\t<\/div>\n\t\t\t\t<\/div>\n\t\t\t\t<div class=\"elementor-element elementor-element-f6023bf elementor-hidden-mobile animated-slow elementor-invisible elementor-widget elementor-widget-image\" data-id=\"f6023bf\" data-element_type=\"widget\" data-settings=\"{&quot;_animation&quot;:&quot;zoomIn&quot;}\" data-widget_type=\"image.default\">\n\t\t\t\t<div class=\"elementor-widget-container\">\n\t\t\t\t\t\t\t\t\t\t\t\t\t\t\t<img loading=\"lazy\" decoding=\"async\" width=\"2384\" height=\"1217\" src=\"https:\/\/burning-wanderlust.com\/wp-content\/uploads\/2025\/01\/Imagen-1-1.jpg\" class=\"attachment-full size-full wp-image-779\" alt=\"\" srcset=\"https:\/\/burning-wanderlust.com\/wp-content\/uploads\/2025\/01\/Imagen-1-1.jpg 2384w, https:\/\/burning-wanderlust.com\/wp-content\/uploads\/2025\/01\/Imagen-1-1-300x153.jpg 300w, https:\/\/burning-wanderlust.com\/wp-content\/uploads\/2025\/01\/Imagen-1-1-1024x523.jpg 1024w, https:\/\/burning-wanderlust.com\/wp-content\/uploads\/2025\/01\/Imagen-1-1-768x392.jpg 768w, https:\/\/burning-wanderlust.com\/wp-content\/uploads\/2025\/01\/Imagen-1-1-1536x784.jpg 1536w, https:\/\/burning-wanderlust.com\/wp-content\/uploads\/2025\/01\/Imagen-1-1-2048x1045.jpg 2048w, https:\/\/burning-wanderlust.com\/wp-content\/uploads\/2025\/01\/Imagen-1-1-18x9.jpg 18w\" sizes=\"auto, (max-width: 2384px) 100vw, 2384px\" \/>\t\t\t\t\t\t\t\t\t\t\t\t\t\t\t<\/div>\n\t\t\t\t<\/div>\n\t\t\t\t<div class=\"elementor-element elementor-element-7f0a8e2 elementor-hidden-desktop elementor-hidden-tablet elementor-widget elementor-widget-image\" data-id=\"7f0a8e2\" data-element_type=\"widget\" data-settings=\"{&quot;_animation_mobile&quot;:&quot;zoomIn&quot;}\" data-widget_type=\"image.default\">\n\t\t\t\t<div class=\"elementor-widget-container\">\n\t\t\t\t\t\t\t\t\t\t\t\t\t\t\t<img loading=\"lazy\" decoding=\"async\" width=\"528\" height=\"720\" src=\"https:\/\/burning-wanderlust.com\/wp-content\/uploads\/2025\/01\/Imagen-2-1.jpg\" class=\"attachment-full size-full wp-image-801\" alt=\"\" srcset=\"https:\/\/burning-wanderlust.com\/wp-content\/uploads\/2025\/01\/Imagen-2-1.jpg 528w, https:\/\/burning-wanderlust.com\/wp-content\/uploads\/2025\/01\/Imagen-2-1-220x300.jpg 220w, https:\/\/burning-wanderlust.com\/wp-content\/uploads\/2025\/01\/Imagen-2-1-9x12.jpg 9w\" sizes=\"auto, (max-width: 528px) 100vw, 528px\" \/>\t\t\t\t\t\t\t\t\t\t\t\t\t\t\t<\/div>\n\t\t\t\t<\/div>\n\t\t<div class=\"elementor-element elementor-element-11f9b0a e-con-full e-flex e-con e-child\" data-id=\"11f9b0a\" data-element_type=\"container\">\n\t\t\t\t<div class=\"elementor-element elementor-element-eae9896 elementor-invisible elementor-widget elementor-widget-heading\" data-id=\"eae9896\" data-element_type=\"widget\" data-settings=\"{&quot;_animation&quot;:&quot;fadeIn&quot;}\" data-widget_type=\"heading.default\">\n\t\t\t\t<div class=\"elementor-widget-container\">\n\t\t\t\t\t<h2 class=\"elementor-heading-title elementor-size-default\">Soy Iara<\/h2>\t\t\t\t<\/div>\n\t\t\t\t<\/div>\n\t\t\t\t<div class=\"elementor-element elementor-element-8d73f08 elementor-invisible elementor-widget elementor-widget-text-editor\" data-id=\"8d73f08\" data-element_type=\"widget\" data-settings=\"{&quot;_animation&quot;:&quot;fadeInUp&quot;}\" data-widget_type=\"text-editor.default\">\n\t\t\t\t<div class=\"elementor-widget-container\">\n\t\t\t\t\t\t\t\t\t<p>Life Coach<\/p>\t\t\t\t\t\t\t\t<\/div>\n\t\t\t\t<\/div>\n\t\t\t\t<\/div>\n\t\t\t\t\t<\/div>\n\t\t\t\t<\/div>\n\t\t<div class=\"elementor-element elementor-element-79441e4 e-flex e-con-boxed e-con e-parent\" data-id=\"79441e4\" data-element_type=\"container\">\n\t\t\t\t\t<div class=\"e-con-inner\">\n\t\t\t\t<div class=\"elementor-element elementor-element-358254a elementor-widget-mobile__width-initial gradient-text elementor-widget__width-initial elementor-widget elementor-widget-text-editor\" data-id=\"358254a\" data-element_type=\"widget\" data-widget_type=\"text-editor.default\">\n\t\t\t\t<div class=\"elementor-widget-container\">\n\t\t\t\t\t\t\t\t\t<p>\u201cLa vida est\u00e1 hecha para ser vivida plenamente: dando la bienvenida a nuevas experiencias, buscando la creatividad y cultivando conexiones m\u00e1s profundas con personas y lugares.\u201d<\/p>\t\t\t\t\t\t\t\t<\/div>\n\t\t\t\t<\/div>\n\t\t\t\t\t<\/div>\n\t\t\t\t<\/div>\n\t\t<div class=\"elementor-element elementor-element-0fe1f78 e-flex e-con-boxed e-con e-parent\" data-id=\"0fe1f78\" data-element_type=\"container\">\n\t\t\t\t\t<div class=\"e-con-inner\">\n\t\t<div class=\"elementor-element elementor-element-821e2a4 e-con-full e-flex e-con e-child\" data-id=\"821e2a4\" data-element_type=\"container\">\n\t\t\t\t<div class=\"elementor-element elementor-element-2c1b96c animated-slow elementor-invisible elementor-widget elementor-widget-text-editor\" data-id=\"2c1b96c\" data-element_type=\"widget\" data-settings=\"{&quot;_animation&quot;:&quot;fadeInDown&quot;}\" data-widget_type=\"text-editor.default\">\n\t\t\t\t<div class=\"elementor-widget-container\">\n\t\t\t\t\t\t\t\t\t<p>\u00a1Bienvenido! \u00a1Estoy muy feliz de conocerte!<\/p>\t\t\t\t\t\t\t\t<\/div>\n\t\t\t\t<\/div>\n\t\t\t\t<\/div>\n\t\t<div class=\"elementor-element elementor-element-55f6db9 e-con-full e-flex e-con e-child\" data-id=\"55f6db9\" data-element_type=\"container\">\n\t\t<div class=\"elementor-element elementor-element-f6ae902 e-con-full e-flex e-con e-child\" data-id=\"f6ae902\" data-element_type=\"container\">\n\t\t\t\t<div class=\"elementor-element elementor-element-437c3c7 elementor-widget elementor-widget-text-editor\" data-id=\"437c3c7\" data-element_type=\"widget\" data-widget_type=\"text-editor.default\">\n\t\t\t\t<div class=\"elementor-widget-container\">\n\t\t\t\t\t\t\t\t\t<p>Mi pasi\u00f3n por viajar comenz\u00f3 en un momento de inquietud, cuando sent\u00ed que la vida se hab\u00eda vuelto demasiado predecible. Hab\u00eda vivido toda mi vida en la misma ciudad y quer\u00eda explorar el mundo. Mi vida y el mundo eran demasiado grandes como para quedarme en un solo lugar.<\/p>\t\t\t\t\t\t\t\t<\/div>\n\t\t\t\t<\/div>\n\t\t\t\t<div class=\"elementor-element elementor-element-4e4d1ef elementor-widget elementor-widget-text-editor\" data-id=\"4e4d1ef\" data-element_type=\"widget\" data-widget_type=\"text-editor.default\">\n\t\t\t\t<div class=\"elementor-widget-container\">\n\t\t\t\t\t\t\t\t\t<p>Viajar se convirti\u00f3 en mi forma de romper con la rutina y reconectar con mi sentido de asombro. Mientras recorr\u00eda ciudades y paisajes nuevos, empec\u00e9 a cuestionarme sobre mi prop\u00f3sito.<\/p>\t\t\t\t\t\t\t\t<\/div>\n\t\t\t\t<\/div>\n\t\t\t\t<div class=\"elementor-element elementor-element-a904a69 elementor-widget elementor-widget-text-editor\" data-id=\"a904a69\" data-element_type=\"widget\" data-widget_type=\"text-editor.default\">\n\t\t\t\t<div class=\"elementor-widget-container\">\n\t\t\t\t\t\t\t\t\t<p>\u00bfQu\u00e9 estaba destinada a hacer con mi vida? Los viajes, con toda su imprevisibilidad, reflejaban mi propio viaje interior: cuanto m\u00e1s exploraba nuevos lugares, m\u00e1s comenzaba a explorar mis propios sue\u00f1os.<\/p>\t\t\t\t\t\t\t\t<\/div>\n\t\t\t\t<\/div>\n\t\t\t\t<div class=\"elementor-element elementor-element-23ce559 elementor-widget elementor-widget-text-editor\" data-id=\"23ce559\" data-element_type=\"widget\" data-widget_type=\"text-editor.default\">\n\t\t\t\t<div class=\"elementor-widget-container\">\n\t\t\t\t\t\t\t\t\t<p>Este cambio de mentalidad encendi\u00f3 un fuego dentro de m\u00ed: un deseo de vivir con prop\u00f3sito, abrazando cada d\u00eda como una oportunidad para crecer, aprender e inspirar a otros a hacer lo mismo.<\/p>\t\t\t\t\t\t\t\t<\/div>\n\t\t\t\t<\/div>\n\t\t\t\t<\/div>\n\t\t<div class=\"elementor-element elementor-element-1ab07cd e-con-full e-flex e-con e-child\" data-id=\"1ab07cd\" data-element_type=\"container\">\n\t\t\t\t<div class=\"elementor-element elementor-element-01e0018 elementor-widget elementor-widget-text-editor\" data-id=\"01e0018\" data-element_type=\"widget\" data-widget_type=\"text-editor.default\">\n\t\t\t\t<div class=\"elementor-widget-container\">\n\t\t\t\t\t\t\t\t\t<p>Vivir la vida al m\u00e1ximo, para m\u00ed, significa sumergirse en nuevas experiencias, seguir mis pasiones y cuestionarme c\u00f3mo puedo marcar la diferencia. Ya sea viajando, creando arte o guiando a mis clientes hacia sus propios descubrimientos.<\/p>\t\t\t\t\t\t\t\t<\/div>\n\t\t\t\t<\/div>\n\t\t\t\t<div class=\"elementor-element elementor-element-cf58c5a elementor-widget elementor-widget-text-editor\" data-id=\"cf58c5a\" data-element_type=\"widget\" data-widget_type=\"text-editor.default\">\n\t\t\t\t<div class=\"elementor-widget-container\">\n\t\t\t\t\t\t\t\t\t<p>Siempre estoy en busca de momentos que despiertan alegr\u00eda y plenitud. La pasi\u00f3n por explorar se convirti\u00f3 en mi br\u00fajula, llev\u00e1ndome a una vida llena de prop\u00f3sito, pasi\u00f3n y posibilidades infinitas.<\/p>\t\t\t\t\t\t\t\t<\/div>\n\t\t\t\t<\/div>\n\t\t\t\t<div class=\"elementor-element elementor-element-53459f3 elementor-widget elementor-widget-text-editor\" data-id=\"53459f3\" data-element_type=\"widget\" data-widget_type=\"text-editor.default\">\n\t\t\t\t<div class=\"elementor-widget-container\">\n\t\t\t\t\t\t\t\t\t<p>Ahora, llevo ese esp\u00edritu de exploraci\u00f3n a mi pr\u00e1ctica de coaching. As\u00ed como viajar tiene el poder de transformar, creo que todos tienen la capacidad de convertir su vida en un viaje lleno de prop\u00f3sito y realizaci\u00f3n.<\/p>\t\t\t\t\t\t\t\t<\/div>\n\t\t\t\t<\/div>\n\t\t\t\t<div class=\"elementor-element elementor-element-8f4b0c2 elementor-widget elementor-widget-text-editor\" data-id=\"8f4b0c2\" data-element_type=\"widget\" data-widget_type=\"text-editor.default\">\n\t\t\t\t<div class=\"elementor-widget-container translation-block\">A trav\u00e9s de <span class=\"bw-text\" style=\"font-family: 'Moonic', sans-serif;font-size: 22px;line-height: 25px\">Burning Wanderlust<\/span>, gu\u00edo a otros a abrazar su propio camino, empoder\u00e1ndolos a salir de su zona de confort y descubrir la vida que est\u00e1n destinados a vivir.<\/div>\n\t\t\t\t<\/div>\n\t\t\t\t<\/div>\n\t\t\t\t<\/div>\n\t\t\t\t\t<\/div>\n\t\t\t\t<\/div>\n\t\t<div class=\"elementor-element elementor-element-b47fe5b animated-slow e-flex e-con-boxed elementor-invisible e-con e-parent\" data-id=\"b47fe5b\" data-element_type=\"container\" data-settings=\"{&quot;animation&quot;:&quot;fadeIn&quot;}\">\n\t\t\t\t\t<div class=\"e-con-inner\">\n\t\t\t\t<div class=\"elementor-element elementor-element-7d6ec87 elementor-widget__width-initial elementor-widget elementor-widget-text-editor\" data-id=\"7d6ec87\" data-element_type=\"widget\" data-widget_type=\"text-editor.default\">\n\t\t\t\t<div class=\"elementor-widget-container translation-block\">Soy Iara, Coach de Vida impulsada por la pasi\u00f3n de ayudar a las personas que se sienten estancadas o insatisfechas a redescubrir su prop\u00f3sito y abrazar la aventura. <span style=\"font-weight: 600\">Mi propio prop\u00f3sito es ayudar a quien lo necesite a conectar con su propio prop\u00f3sito para encender su alma, vivir vidas m\u00e1s felices y hacer del mundo un lugar mejor<\/span>. A trav\u00e9s de mi trabajo en Burning Wanderlust, gu\u00edo a mis clientes en viajes transformadores, empoder\u00e1ndolos para encender su fuego interior y vivir con claridad, creatividad y pasi\u00f3n.<\/div>\n\t\t\t\t<\/div>\n\t\t\t\t\t<\/div>\n\t\t\t\t<\/div>\n\t\t<div class=\"elementor-element elementor-element-98ede84 gradient-bg3  e-flex e-con-boxed e-con e-parent\" data-id=\"98ede84\" data-element_type=\"container\">\n\t\t\t\t\t<div class=\"e-con-inner\">\n\t\t\t\t\t<\/div>\n\t\t\t\t<\/div>\n\t\t<div class=\"elementor-element elementor-element-d924985 e-con-full e-flex e-con e-parent\" data-id=\"d924985\" data-element_type=\"container\" data-settings=\"{&quot;background_background&quot;:&quot;classic&quot;}\">\n\t\t\t\t<div class=\"elementor-element elementor-element-bd8f3bd animated-slow elementor-hidden-mobile elementor-invisible elementor-widget elementor-widget-image\" data-id=\"bd8f3bd\" data-element_type=\"widget\" data-settings=\"{&quot;_animation&quot;:&quot;fadeInUp&quot;}\" data-widget_type=\"image.default\">\n\t\t\t\t<div class=\"elementor-widget-container\">\n\t\t\t\t\t\t\t\t\t\t\t\t\t\t\t<img loading=\"lazy\" decoding=\"async\" width=\"2160\" height=\"1257\" src=\"https:\/\/burning-wanderlust.com\/wp-content\/uploads\/2025\/01\/Foto-2-1.jpg\" class=\"attachment-full size-full wp-image-2347\" alt=\"\" srcset=\"https:\/\/burning-wanderlust.com\/wp-content\/uploads\/2025\/01\/Foto-2-1.jpg 2160w, https:\/\/burning-wanderlust.com\/wp-content\/uploads\/2025\/01\/Foto-2-1-300x175.jpg 300w, https:\/\/burning-wanderlust.com\/wp-content\/uploads\/2025\/01\/Foto-2-1-1024x596.jpg 1024w, https:\/\/burning-wanderlust.com\/wp-content\/uploads\/2025\/01\/Foto-2-1-768x447.jpg 768w, https:\/\/burning-wanderlust.com\/wp-content\/uploads\/2025\/01\/Foto-2-1-1536x894.jpg 1536w, https:\/\/burning-wanderlust.com\/wp-content\/uploads\/2025\/01\/Foto-2-1-2048x1192.jpg 2048w, https:\/\/burning-wanderlust.com\/wp-content\/uploads\/2025\/01\/Foto-2-1-18x10.jpg 18w\" sizes=\"auto, (max-width: 2160px) 100vw, 2160px\" \/>\t\t\t\t\t\t\t\t\t\t\t\t\t\t\t<\/div>\n\t\t\t\t<\/div>\n\t\t\t\t<div class=\"elementor-element elementor-element-29191dd animated-slow elementor-hidden-desktop elementor-hidden-tablet elementor-invisible elementor-widget elementor-widget-image\" data-id=\"29191dd\" data-element_type=\"widget\" data-settings=\"{&quot;_animation&quot;:&quot;fadeInUp&quot;}\" data-widget_type=\"image.default\">\n\t\t\t\t<div class=\"elementor-widget-container\">\n\t\t\t\t\t\t\t\t\t\t\t\t\t\t\t<img loading=\"lazy\" decoding=\"async\" width=\"585\" height=\"455\" src=\"https:\/\/burning-wanderlust.com\/wp-content\/uploads\/2025\/02\/Foto-3.jpg\" class=\"attachment-full size-full wp-image-3127\" alt=\"\" srcset=\"https:\/\/burning-wanderlust.com\/wp-content\/uploads\/2025\/02\/Foto-3.jpg 585w, https:\/\/burning-wanderlust.com\/wp-content\/uploads\/2025\/02\/Foto-3-300x233.jpg 300w, https:\/\/burning-wanderlust.com\/wp-content\/uploads\/2025\/02\/Foto-3-15x12.jpg 15w\" sizes=\"auto, (max-width: 585px) 100vw, 585px\" \/>\t\t\t\t\t\t\t\t\t\t\t\t\t\t\t<\/div>\n\t\t\t\t<\/div>\n\t\t\t\t<\/div>\n\t\t<div class=\"elementor-element elementor-element-1805a90 e-flex e-con-boxed e-con e-parent\" data-id=\"1805a90\" data-element_type=\"container\" data-settings=\"{&quot;background_background&quot;:&quot;classic&quot;}\">\n\t\t\t\t\t<div class=\"e-con-inner\">\n\t\t<div class=\"elementor-element elementor-element-7854c2b e-con-full e-flex e-con e-child\" data-id=\"7854c2b\" data-element_type=\"container\">\n\t\t\t\t<div class=\"elementor-element elementor-element-46e6584 elementor-widget-mobile__width-initial elementor-widget elementor-widget-text-editor\" data-id=\"46e6584\" data-element_type=\"widget\" data-widget_type=\"text-editor.default\">\n\t\t\t\t<div class=\"elementor-widget-container\">\n\t\t\t\t\t\t\t\t\t<p>\u00a1Conectemos y emprendamos tu viaje!<\/p>\t\t\t\t\t\t\t\t<\/div>\n\t\t\t\t<\/div>\n\t\t<div class=\"elementor-element elementor-element-8c246f6 e-con-full e-flex e-con e-child\" data-id=\"8c246f6\" data-element_type=\"container\" data-settings=\"{&quot;background_background&quot;:&quot;classic&quot;}\">\n\t\t\t\t<div class=\"elementor-element elementor-element-cc9a6c0 elementor-button-align-center elementor-widget__width-initial elementor-widget elementor-widget-form\" data-id=\"cc9a6c0\" data-element_type=\"widget\" data-settings=\"{&quot;step_next_label&quot;:&quot;Next&quot;,&quot;step_previous_label&quot;:&quot;Previous&quot;,&quot;button_width&quot;:&quot;100&quot;,&quot;step_type&quot;:&quot;number_text&quot;,&quot;step_icon_shape&quot;:&quot;circle&quot;}\" data-widget_type=\"form.default\">\n\t\t\t\t<div class=\"elementor-widget-container\">\n\t\t\t\t\t\t\t<form class=\"elementor-form\" method=\"post\" name=\"Contact Form\" aria-label=\"Contact Form\" action=\"\">\r\n\t\t\t<input type=\"hidden\" name=\"post_id\" value=\"33\"\/>\r\n\t\t\t<input type=\"hidden\" name=\"form_id\" value=\"cc9a6c0\"\/>\r\n\t\t\t<input type=\"hidden\" name=\"referer_title\" value=\"\" \/>\r\n\r\n\t\t\t\r\n\t\t\t<div class=\"elementor-form-fields-wrapper elementor-labels-above\">\r\n\t\t\t\t\t\t\t\t<div class=\"elementor-field-type-text elementor-field-group elementor-column elementor-field-group-name elementor-col-100 elementor-field-required elementor-mark-required\">\r\n\t\t\t\t\t\t\t\t\t\t\t\t<label for=\"form-field-name\" class=\"elementor-field-label\">\r\n\t\t\t\t\t\t\t\tNombre completo\t\t\t\t\t\t\t<\/label>\r\n\t\t\t\t\t\t\t\t\t\t\t\t\t\t<input size=\"1\" type=\"text\" name=\"form_fields[name]\" id=\"form-field-name\" class=\"elementor-field elementor-size-sm  elementor-field-textual\" placeholder=\"Nombre completo\" required=\"required\">\r\n\t\t\t\t\t\t\t\t\t\t\t<\/div>\r\n\t\t\t\t\t\t\t\t<div class=\"elementor-field-type-email elementor-field-group elementor-column elementor-field-group-email elementor-col-100 elementor-field-required elementor-mark-required\">\r\n\t\t\t\t\t\t\t\t\t\t\t\t<label for=\"form-field-email\" class=\"elementor-field-label\">\r\n\t\t\t\t\t\t\t\tEmail\t\t\t\t\t\t\t<\/label>\r\n\t\t\t\t\t\t\t\t\t\t\t\t\t\t<input size=\"1\" type=\"email\" name=\"form_fields[email]\" id=\"form-field-email\" class=\"elementor-field elementor-size-sm  elementor-field-textual\" placeholder=\"Email\" required=\"required\">\r\n\t\t\t\t\t\t\t\t\t\t\t<\/div>\r\n\t\t\t\t\t\t\t\t<div class=\"elementor-field-type-textarea elementor-field-group elementor-column elementor-field-group-message elementor-col-100 elementor-field-required elementor-mark-required\">\r\n\t\t\t\t\t\t\t\t\t\t\t\t<label for=\"form-field-message\" class=\"elementor-field-label\">\r\n\t\t\t\t\t\t\t\t\u00bfC\u00f3mo puedo ayudarte? \u00a1Conectemos!\t\t\t\t\t\t\t<\/label>\r\n\t\t\t\t\t\t<textarea class=\"elementor-field-textual elementor-field  elementor-size-sm\" name=\"form_fields[message]\" id=\"form-field-message\" rows=\"6\" placeholder=\"Mensaje\" required=\"required\"><\/textarea>\t\t\t\t<\/div>\r\n\t\t\t\t\t\t\t\t<div class=\"elementor-field-group elementor-column elementor-field-type-submit elementor-col-100 e-form__buttons\">\r\n\t\t\t\t\t<button class=\"elementor-button elementor-size-sm\" type=\"submit\">\r\n\t\t\t\t\t\t<span class=\"elementor-button-content-wrapper\">\r\n\t\t\t\t\t\t\t\t\t\t\t\t\t\t\t\t\t\t\t\t\t\t<span class=\"elementor-button-text\">Enviar<\/span>\r\n\t\t\t\t\t\t\t\t\t\t\t\t\t<\/span>\r\n\t\t\t\t\t<\/button>\r\n\t\t\t\t<\/div>\r\n\t\t\t<\/div>\r\n\t\t<input type=\"hidden\" name=\"trp-form-language\" value=\"es\"\/><\/form>\r\n\t\t\t\t\t\t<\/div>\n\t\t\t\t<\/div>\n\t\t\t\t<\/div>\n\t\t\t\t<\/div>\n\t\t\t\t\t<\/div>\n\t\t\t\t<\/div>\n\t\t\t\t<\/div>","protected":false},"excerpt":{"rendered":"<p>Hello, I&#8217;m Iara Life Coach &#8220;Life is meant to be experienced fully &#8211; welcoming new esperiences, seeking out creativity, and cultivating deeper connections with people and places.\u201d Welcome! I\u2019m so happy to meet you! My connection with wanderlust and travel began during a time of restlessness, when I felt that life had become too predictable. [&hellip;]<\/p>","protected":false},"author":1,"featured_media":0,"parent":0,"menu_order":0,"comment_status":"closed","ping_status":"closed","template":"elementor_header_footer","meta":{"footnotes":""},"class_list":["post-33","page","type-page","status-publish","hentry"],"_links":{"self":[{"href":"https:\/\/burning-wanderlust.com\/es\/wp-json\/wp\/v2\/pages\/33","targetHints":{"allow":["GET"]}}],"collection":[{"href":"https:\/\/burning-wanderlust.com\/es\/wp-json\/wp\/v2\/pages"}],"about":[{"href":"https:\/\/burning-wanderlust.com\/es\/wp-json\/wp\/v2\/types\/page"}],"author":[{"embeddable":true,"href":"https:\/\/burning-wanderlust.com\/es\/wp-json\/wp\/v2\/users\/1"}],"replies":[{"embeddable":true,"href":"https:\/\/burning-wanderlust.com\/es\/wp-json\/wp\/v2\/comments?post=33"}],"version-history":[{"count":516,"href":"https:\/\/burning-wanderlust.com\/es\/wp-json\/wp\/v2\/pages\/33\/revisions"}],"predecessor-version":[{"id":3332,"href":"https:\/\/burning-wanderlust.com\/es\/wp-json\/wp\/v2\/pages\/33\/revisions\/3332"}],"wp:attachment":[{"href":"https:\/\/burning-wanderlust.com\/es\/wp-json\/wp\/v2\/media?parent=33"}],"curies":[{"name":"wp","href":"https:\/\/api.w.org\/{rel}","templated":true}]}}